{"id":1453,"date":"2023-09-11T15:48:48","date_gmt":"2023-09-11T07:48:48","guid":{"rendered":"http:\/\/www.hanli.cc\/?post_type=product&#038;p=1453"},"modified":"2023-09-11T15:48:48","modified_gmt":"2023-09-11T07:48:48","slug":"yah1105t","status":"publish","type":"product","link":"https:\/\/www.hanli.cc\/index.php\/zh\/product\/yah1105t\/","title":{"rendered":"YAH1105T"},"content":{"rendered":"<table class=\"table\" border=\"0\" width=\"100%\" cellspacing=\"0\" cellpadding=\"0\">\n<tbody>\n<tr>\n<th>MODEL<\/th>\n<th>MOTOR<br \/>\nKW HP<\/th>\n<th>AIR DELIVERY<\/th>\n<th>MAX PRESSURE<\/th>\n<th>CYLINDER<br \/>\nMM<\/th>\n<th>SPEED<br \/>\nR.P.M<\/th>\n<th>WEIGHT<br \/>\nKG<\/th>\n<th>PACKING DIMENSION<br \/>\nMM<\/th>\n<\/tr>\n<tr>\n<td>YF1105T<\/td>\n<td>4KW(5HP)<\/td>\n<td>662L\/min<\/td>\n<td>12 Bar<\/td>\n<td>\u00f8105\u00d71&amp;\u00f855\u00d71<\/td>\n<td>860<\/td>\n<td>49kgs<\/td>\n<td>490\u00d7445\u00d7550<\/td>\n<\/tr>\n<\/tbody>\n<\/table>\n","protected":false},"excerpt":{"rendered":"<p>MODEL MOTOR KW HP AI &#8230; <\/p>\n","protected":false},"featured_media":968,"comment_status":"open","ping_status":"closed","template":"","meta":[],"product_cat":[87],"product_tag":[],"class_list":["post-1453","product","type-product","status-publish","has-post-thumbnail","hentry","product_cat-air-compressor-pump-head"],"lang":"zh","translations":{"zh":1453},"pll_sync_post":[],"_links":{"self":[{"href":"https:\/\/www.hanli.cc\/index.php\/wp-json\/wp\/v2\/product\/1453","targetHints":{"allow":["GET"]}}],"collection":[{"href":"https:\/\/www.hanli.cc\/index.php\/wp-json\/wp\/v2\/product"}],"about":[{"href":"https:\/\/www.hanli.cc\/index.php\/wp-json\/wp\/v2\/types\/product"}],"replies":[{"embeddable":true,"href":"https:\/\/www.hanli.cc\/index.php\/wp-json\/wp\/v2\/comments?post=1453"}],"wp:featuredmedia":[{"embeddable":true,"href":"https:\/\/www.hanli.cc\/index.php\/wp-json\/wp\/v2\/media\/968"}],"wp:attachment":[{"href":"https:\/\/www.hanli.cc\/index.php\/wp-json\/wp\/v2\/media?parent=1453"}],"wp:term":[{"taxonomy":"product_cat","embeddable":true,"href":"https:\/\/www.hanli.cc\/index.php\/wp-json\/wp\/v2\/product_cat?post=1453"},{"taxonomy":"product_tag","embeddable":true,"href":"https:\/\/www.hanli.cc\/index.php\/wp-json\/wp\/v2\/product_tag?post=1453"}],"curies":[{"name":"wp","href":"https:\/\/api.w.org\/{rel}","templated":true}]}}